{"id":264,"date":"2023-12-02T14:58:20","date_gmt":"2023-12-02T14:58:20","guid":{"rendered":"https:\/\/bewusst-haareschneiden.ch\/index.php\/264-2\/"},"modified":"2023-12-06T12:07:09","modified_gmt":"2023-12-06T12:07:09","slug":"impressum","status":"publish","type":"page","link":"https:\/\/bewusst-haareschneiden.ch\/index.php\/impressum\/","title":{"rendered":"Impressum"},"content":{"rendered":"<div class=\"\" style=\"\" >\n    \n    <section class=\"u-clearfix u-section-2\" id=\"sec-9f4f\">\n      <div class=\"u-clearfix u-sheet u-sheet-1\">\n        <h4 class=\"u-text u-text-default u-text-1\">Impressum &amp; Disclaimer<\/h4>\n        <p class=\"u-text u-text-default u-text-2\"> Alle Texte, Grafiken und Bilder auf dieser Webseite unterliegen dem Copyright und den Urheberrechten von Rosemarie Keller.<br>Kein Teil dieser Publikation darf ohne schriftliche Genehmigung in irgendeiner Form reproduziert und unter Verwendung elektronischer Systeme verarbeitet, vervielf\u00e4ltigt oder verbreitet werden.&nbsp;<br>\n          <br>Alle Angebote sind unverbindlich. Ich behalte mir ausdr\u00fccklich vor, Teile der Seite oder das gesamte Angebot ohne gesonderte Ank\u00fcndigung zu ver\u00e4ndern, zu erg\u00e4nzen, zu l\u00f6schen oder die Ver\u00f6ffentlichung zeitweise oder endg\u00fcltig einzustellen.<br>\n          <br>Verantwortlich f\u00fcr den Inhalt auf dieser Webseite:<br>\n          <br>Rosemarie H. Keller<br>Ringstrasse 17<br>CH-2540 Grenchen<br>\n          <a href=\"tel:+41764028865\" class=\"u-btn u-button-link u-button-style u-text-palette-1-base u-btn-1\">+41 (0)76 402 88 65<br>\n          <\/a>\n          <a href=\"mailto:\u200brosemariekeller@gmx.ch\" class=\"u-btn u-button-link u-button-style u-text-palette-1-base u-btn-2\"> rosemariekeller@gmx.ch<\/a>\n          <br>\n        <\/p>\n      <\/div>\n    <\/section>\n    \n    \n    \n  \n<\/div>","protected":false},"excerpt":{"rendered":"<p>Impressum &amp; Disclaimer Alle Texte, Grafiken und Bilder auf dieser Webseite unterliegen dem Copyright und den Urheberrechten von Rosemarie Keller.Kein Teil dieser Publikation darf ohne schriftliche Genehmigung in irgendeiner Form reproduziert und unter Verwendung elektronischer Systeme verarbeitet, vervielf\u00e4ltigt oder verbreitet werden.&nbsp; Alle Angebote sind unverbindlich. Ich behalte mir ausdr\u00fccklich vor, Teile der Seite oder das&hellip; <a class=\"more-link\" href=\"https:\/\/bewusst-haareschneiden.ch\/index.php\/impressum\/\"><span class=\"screen-reader-text\">Impressum<\/span> weiterlesen<\/a><\/p>\n","protected":false},"author":1,"featured_media":0,"parent":0,"menu_order":0,"comment_status":"closed","ping_status":"closed","template":"","meta":{"iawp_total_views":40,"footnotes":""},"class_list":["post-264","page","type-page","status-publish","hentry","entry"],"_links":{"self":[{"href":"https:\/\/bewusst-haareschneiden.ch\/index.php\/wp-json\/wp\/v2\/pages\/264","targetHints":{"allow":["GET"]}}],"collection":[{"href":"https:\/\/bewusst-haareschneiden.ch\/index.php\/wp-json\/wp\/v2\/pages"}],"about":[{"href":"https:\/\/bewusst-haareschneiden.ch\/index.php\/wp-json\/wp\/v2\/types\/page"}],"author":[{"embeddable":true,"href":"https:\/\/bewusst-haareschneiden.ch\/index.php\/wp-json\/wp\/v2\/users\/1"}],"replies":[{"embeddable":true,"href":"https:\/\/bewusst-haareschneiden.ch\/index.php\/wp-json\/wp\/v2\/comments?post=264"}],"version-history":[{"count":8,"href":"https:\/\/bewusst-haareschneiden.ch\/index.php\/wp-json\/wp\/v2\/pages\/264\/revisions"}],"predecessor-version":[{"id":279,"href":"https:\/\/bewusst-haareschneiden.ch\/index.php\/wp-json\/wp\/v2\/pages\/264\/revisions\/279"}],"wp:attachment":[{"href":"https:\/\/bewusst-haareschneiden.ch\/index.php\/wp-json\/wp\/v2\/media?parent=264"}],"curies":[{"name":"wp","href":"https:\/\/api.w.org\/{rel}","templated":true}]}}