{"id":248,"date":"2023-12-01T22:33:13","date_gmt":"2023-12-01T22:33:13","guid":{"rendered":"https:\/\/bewusst-haareschneiden.ch\/index.php\/248-2\/"},"modified":"2023-12-06T12:08:49","modified_gmt":"2023-12-06T12:08:49","slug":"datenschutz","status":"publish","type":"page","link":"https:\/\/bewusst-haareschneiden.ch\/index.php\/datenschutz\/","title":{"rendered":"Datenschutzerkl\u00e4rung"},"content":{"rendered":"<div class=\"\" style=\"\" >\n    \n    <section class=\"u-clearfix u-section-2\" id=\"sec-0a6e\">\n      <div class=\"u-clearfix u-sheet u-sheet-1\"><\/div>\n    <\/section>\n    <section class=\"u-align-left u-clearfix u-section-3\" id=\"sec-bf99\">\n      <div class=\"u-clearfix u-sheet u-valign-middle u-sheet-1\">\n        <div class=\"fr-view u-clearfix u-rich-text u-text u-text-1\">\n          <h4 id=\"isPasted\" style=\"text-align: center;\">\n            <span class=\"u-custom-font\" style=\"font-family: &quot;Croissant One&quot;;\">Datenschutzerkl\u00e4rung Rosemarie H. Keller<\/span>\n          <\/h4>\n          <p>\n            <br>\n          <\/p>\n          <p>\n            <span style=\"font-weight: 700;\">Kontaktinformationen<br>\n            <\/span>Rosemarie H. Keller<br id=\"isPasted\">Ringstrasse 17<br>CH-2540 Grenchen<br>\n            <a class=\"u-btn u-button-link u-button-style u-text-palette-1-base u-btn-1\" href=\"tel:+41 (0)76 402 88 65\">+41 (0)76 402 88 65<\/a>\n            <br>\n            <a class=\"u-btn u-button-link u-button-style u-text-palette-1-base u-btn-2\" href=\"mailto:rosemariekeller@gmx.ch\">rosemariekeller@gmx.ch<br>\n            <\/a>\n          <\/p>\n          <p>\n            <br>\n          <\/p>\n          <p>\n            <span style=\"font-weight: 700;\">Worum geht es?<\/span>\n          <\/p>\n          <p>Ich beschaffe in meinem Gesch\u00e4ft diverse Personendaten(<span style=\"font-size: 1rem;\">1<\/span>). Hier informiere ich Sie wie im Datenschutzgesetz vorgeschrieben. Die nachfolgende Datenschutzerkl\u00e4rung gilt f\u00fcr die Nutzung dieser Webseite sowie der darauf angebotenen Dienstleistungen. Sie informiert Sie \u00fcber die Bearbeitung personenbezogener Daten w\u00e4hrend Ihres Besuchs auf dieser Webseite. Die Bearbeitung Ihrer personenbezogenen Daten geschieht unter Beachtung der geltenden datenschutzrechtlichen Gesetze und Anforderungen.\n          <\/p>\n          <p>\n            <br>\n          <\/p>\n          <p>\n            <span style=\"font-weight: 700;\">Welche Personendaten beschaffe ich?<\/span>\n          <\/p>\n          <p>Neben den Angaben, die Sie mir selbst mitteilen (durch das, was Sie mir sagen und was Sie bei mir tun(<span style=\"font-size: 1rem;\">2<\/span>), kann es sein, dass ich auch bei Drittquellen Angaben \u00fcber Sie beschaffe, n\u00e4mlich:&nbsp;\n          <\/p>\n          <ul>\n            <li style=\"font-size: 1.25rem;\">Sie betreffende Angaben eines Kunden oder Ihres Arbeitgebers, mit dem ich zu tun habe (z.B. Ihre Kontaktangaben)<\/li>\n            <li style=\"font-size: 1.25rem;\">Empfehlungen\/Hinweise Dritter auf Sie<\/li>\n          <\/ul>\n          <p>\n            <br>\n          <\/p>\n          <p>\n            <span style=\"font-weight: 700;\">Gehen Personendaten ins Ausland?<br>\n            <\/span>Nein, das ist nicht geplant.\n          <\/p>\n          <p>\n            <br>\n          <\/p>\n          <p>\n            <span style=\"font-weight: 700;\">Wozu beschaffe ich Personendaten?<\/span>\n          <\/p>\n          <p>Ich tue das f\u00fcr folgende Zwecke (nebst denen, die ich Ihnen separat mitteile):<\/p>\n          <ul>\n            <li style=\"font-size: 1.25rem;\">Kommunikation mit Ihnen<\/li>\n            <li style=\"font-size: 1.25rem;\">Betrieb der Infrastruktur, Website<\/li>\n            <li style=\"font-size: 1.25rem;\">Marketing (z.B. Mailings, mit Abmelde-Link\/Option, Anl\u00e4sse), Beziehungspflege<\/li>\n            <li style=\"font-size: 1.25rem;\">PR, Publikationen<\/li>\n          <\/ul>\n          <p>\n            <br>\n          <\/p>\n          <p>\n            <span style=\"font-weight: 700;\">Wem gebe ich Personendaten bekannt?<\/span>\n          <\/p>\n          <ul>\n            <li style=\"font-size: 1.25rem;\">Dienstleister(<span style=\"font-size: 1rem;\">3<\/span>) (die Ihre Daten teils in meinem Auftrag bearbeiten wie z.B. IT- Provider)\n            <\/li>\n            <li style=\"font-size: 1.25rem;\">Dritte(<span style=\"font-size: 1rem;\">4<\/span>), die via Webseite Daten \u00fcber Sie erheben\n            <\/li>\n          <\/ul>\n          <p>\n            <br>\n          <\/p>\n          <p>\n            <span style=\"font-weight: 700;\">Ihre Rechte<\/span>\n          <\/p>\n          <p>Gest\u00fctzt auf das Datenschutzgesetz haben Sie verschiedene Rechte wie beispielsweise ein Recht auf Auskunft sowie das Recht auf Berichtigung, L\u00f6schung oder Sperrung der bearbeiteten Personendaten. Zur Geltendmachung Ihrer Rechte setzen Sie sich bitte mit mir in Verbindung. Ich stehe Ihnen f\u00fcr weitere diesbez\u00fcgliche Informationen gerne zur Verf\u00fcgung.<\/p>\n          <p>\n            <br>\n          <\/p>\n          <p>\n            <span style=\"font-weight: 700;\">\u00c4nderungen<\/span>\n          <\/p>\n          <p>Diese Datenschutzerkl\u00e4rung kann jederzeit ohne Vorank\u00fcndigung angepasst werden. Es gilt die jeweils aktuelle, auf meiner Webseite publizierte Fassung.<\/p>\n          <p>\n            <br>\n          <\/p>\n          <p>\n            <span style=\"font-weight: 700;\">Meine zehn Gebote im Umgang mit Personendaten nach DSG(<\/span>\n            <span style=\"font-size: 1rem;\">5<\/span>)\n          <\/p>\n          <ol>\n            <li style=\"font-size: 1.25rem;\">Ich sage der Person vorher, was ich mit ihren Daten wozu mache.&nbsp;<\/li>\n            <li style=\"font-size: 1.25rem;\">Ich halte mich daran und setze Daten nicht zweckwidrig ein.&nbsp;<\/li>\n            <li style=\"font-size: 1.25rem;\">Ich \u00fcbe mich in Datensparsamkeit und \u00abneed-to-know\u00bb.&nbsp;<\/li>\n            <li style=\"font-size: 1.25rem;\">Ich erlaube einer Person auch \u00abNein\u00bb zu sagen.&nbsp;<\/li>\n            <li style=\"font-size: 1.25rem;\">Ich tue nur das, was ich bei mir selbst akzeptabel f\u00e4nde.&nbsp;<\/li>\n            <li style=\"font-size: 1.25rem;\">Ich pr\u00fcfe meine Daten auf problematische Fehler und L\u00fccken.&nbsp;<\/li>\n            <li style=\"font-size: 1.25rem;\">Ich gebe sensitive Daten(<span style=\"font-size: 1rem;\">6<\/span>) nicht f\u00fcr Zwecke Dritter weiter.&nbsp;\n            <\/li>\n            <li style=\"font-size: 1.25rem;\">Ich treffe Massnahmen, damit die Daten bei mir sicher sind.&nbsp;<\/li>\n            <li style=\"font-size: 1.25rem;\">Ich beschaffe Daten auf legale Weise und aus legalen Quellen.&nbsp;<\/li>\n            <li style=\"font-size: 1.25rem;\">Ausnahmen sind (nur) bei \u00abbesserem\u00bb Grund m\u00f6glich. Ich gestalte jede Datenbearbeitung nach diesen Geboten!<\/li>\n          <\/ol>\n          <p>&nbsp;<\/p>\n          <hr>\n          <p>\n            <br>\n          <\/p>\n          <p style=\"line-height: 1.8;\">\n            <span style=\"font-size: 1rem;\">1&nbsp;Ihre Personendaten sind alle Angaben, die sich auf Sie beziehen und Sie direkt oder indirekt (z.B. via Internet) identifizieren k\u00f6nnen (z.B. Name, E- Mail-Adresse, Telefonnummer, Bild, je nachdem Ihr Profil).<\/span>\n          <\/p>\n          <p style=\"line-height: 1.8;\">\n            <span style=\"font-size: 1rem;\">2 Surfen Sie unsere Webseite an, wird z.B. automatisch Ihre IP-Adresse, Ihr Browser-Typ, die Adresse, von welcher Sie verwiesen wurden, mitgeteilt.&nbsp;<\/span>\n          <\/p>\n          <p style=\"line-height: 1.8;\">\n            <span style=\"font-size: 1rem;\">3 Auf Webseiten werden Sie ggf. mit sog. Cookies und \u00e4hnlichen Techniken bei Ihrer Nutzung wiedererkannt und getrackt. Sie k\u00f6nnen diese Cookies in Ihrem Browser einschr\u00e4nken, blockieren und l\u00f6schen (siehe die entsprechenden Men\u00fcs) und dieses Tracking tw. auch auf der Webseite selbst steuern. Weitere Infos z.B. <a class=\"u-btn u-button-link u-button-style u-text-palette-1-base u-btn-3\" href=\"https:\/\/bit.ly\/3z7ioOA\" rel=\"noopener noreferrer\" target=\"_blank\">https:\/\/bit.ly\/3z7ioOA<\/a>.\n            <\/span>\n          <\/p>\n          <p style=\"line-height: 1.8;\">\n            <span style=\"font-size: 1rem;\">4 Es k\u00f6nnen Inhalte aus YouTube, Instagram und Facebook auf meiner Webseite eingebunden sein. In diesem Fall gelten auch die Datenschutzbestimmungen dieser Inhaltsanbieter.<\/span>\n          <\/p>\n          <p style=\"line-height: 1.8;\">\n            <span style=\"font-size: 1rem;\">5 revDSG\/DSV: <a class=\"u-btn u-button-link u-button-style u-text-palette-1-base u-btn-4\" href=\"https:\/\/datenrecht.ch\/revdsg-in-kraft-am-1-september-2023-dsv-veroeffentlicht\/\" rel=\"noopener noreferrer\" target=\"_blank\">https:\/\/datenrecht.ch\/revdsg-in-kraft-am-1-september-2023-dsv-veroeffentlicht\/<\/a>\n            <\/span>\n          <\/p>\n          <p style=\"line-height: 1.8;\">\n            <span style=\"font-size: 1rem;\">6 Besonders sch\u00fctzenswerte Daten: Art. 5 Bst. c revDSG<\/span>\n          <\/p>\n        <\/div>\n      <\/div>\n    <\/section>\n    \n    \n    \n  \n<\/div>","protected":false},"excerpt":{"rendered":"<p>Datenschutzerkl\u00e4rung Rosemarie H. Keller Kontaktinformationen Rosemarie H. KellerRingstrasse 17CH-2540 Grenchen +41 (0)76 402 88 65 rosemariekeller@gmx.ch Worum geht es? Ich beschaffe in meinem Gesch\u00e4ft diverse Personendaten(1). Hier informiere ich Sie wie im Datenschutzgesetz vorgeschrieben. Die nachfolgende Datenschutzerkl\u00e4rung gilt f\u00fcr die Nutzung dieser Webseite sowie der darauf angebotenen Dienstleistungen. Sie informiert Sie \u00fcber die Bearbeitung personenbezogener&hellip; <a class=\"more-link\" href=\"https:\/\/bewusst-haareschneiden.ch\/index.php\/datenschutz\/\"><span class=\"screen-reader-text\">Datenschutzerkl\u00e4rung<\/span> weiterlesen<\/a><\/p>\n","protected":false},"author":1,"featured_media":0,"parent":0,"menu_order":0,"comment_status":"closed","ping_status":"closed","template":"","meta":{"iawp_total_views":48,"footnotes":""},"class_list":["post-248","page","type-page","status-publish","hentry","entry"],"_links":{"self":[{"href":"https:\/\/bewusst-haareschneiden.ch\/index.php\/wp-json\/wp\/v2\/pages\/248","targetHints":{"allow":["GET"]}}],"collection":[{"href":"https:\/\/bewusst-haareschneiden.ch\/index.php\/wp-json\/wp\/v2\/pages"}],"about":[{"href":"https:\/\/bewusst-haareschneiden.ch\/index.php\/wp-json\/wp\/v2\/types\/page"}],"author":[{"embeddable":true,"href":"https:\/\/bewusst-haareschneiden.ch\/index.php\/wp-json\/wp\/v2\/users\/1"}],"replies":[{"embeddable":true,"href":"https:\/\/bewusst-haareschneiden.ch\/index.php\/wp-json\/wp\/v2\/comments?post=248"}],"version-history":[{"count":14,"href":"https:\/\/bewusst-haareschneiden.ch\/index.php\/wp-json\/wp\/v2\/pages\/248\/revisions"}],"predecessor-version":[{"id":299,"href":"https:\/\/bewusst-haareschneiden.ch\/index.php\/wp-json\/wp\/v2\/pages\/248\/revisions\/299"}],"wp:attachment":[{"href":"https:\/\/bewusst-haareschneiden.ch\/index.php\/wp-json\/wp\/v2\/media?parent=248"}],"curies":[{"name":"wp","href":"https:\/\/api.w.org\/{rel}","templated":true}]}}